{"id":189,"date":"2025-12-23T08:23:01","date_gmt":"2025-12-23T08:23:01","guid":{"rendered":"https:\/\/wolfgang-zechmann.at\/?page_id=189"},"modified":"2026-01-22T21:04:49","modified_gmt":"2026-01-22T21:04:49","slug":"datenschutz","status":"publish","type":"page","link":"https:\/\/wolfgang-zechmann.at\/de\/datenschutz\/","title":{"rendered":"Datenschutz"},"content":{"rendered":"<p>IMPRESSUM\/DATENSCHUTZ <\/p>\n\n\n\n<p>f\u00fcr wolfgang-zechmann.at<\/p>\n\n\n\n<p>Der Schutz Ihrer pers\u00f6nlichen Daten ist uns ein besonderes Anliegen. Wir verarbeiten Ihre Daten daher ausschlie\u00dflich auf Grundlage der gesetzlichen Bestimmungen (DSGVO, TKG 2003).\nNachfolgend informieren wir Sie \u00fcber die wichtigsten Aspekte der Datenverarbeitung im Rahmen der Website\u00a0wolfgang-zechmann.at.<\/p>\n\n\n\n<p>Nachfolgend informieren wir Sie \u00fcber die wichtigsten Aspekte der Datenverarbeitung im Rahmen der Website\u00a0wolfgang-zechmann.at.<\/p>\n\n\n\n<p>1. Verantwortlicher<\/p>\n\n\n\n<p>Wolfgang Zechmann<br>Zeppelinstra\u00dfe 53<br>8055 Graz<br>\u00d6sterreich<\/p>\n\n\n\n<p>Telefon:+43 664 1283851<\/p>\n\n\n\n<p>Email: zechmann@aon.at<\/p>\n\n\n\n<p>2. Allgemeine Hinweise zur Datenverarbeitung<\/p>\n\n\n\n<p>Die Nutzung unserer Website ist grunds\u00e4tzlich ohne Angabe personenbezogener Daten m\u00f6glich. Personenbezogene Daten werden nur dann erhoben, wenn Sie uns diese freiwillig zur Verf\u00fcgung stellen (z. B. \u00fcber ein Kontaktformular oder per E-Mail).<\/p>\n\n\n\n<p>3. Server-Logfiles<\/p>\n\n\n\n<p>Beim Besuch dieser Website werden automatisch Informationen in sogenannten Server-Logfiles gespeichert. Diese umfassen insbesondere:<\/p>\n\n\n\n<p>&nbsp;\u2022 Name der abgerufenen Datei<\/p>\n\n\n\n<p>&nbsp;\u2022 Datum und Uhrzeit des Zugriffs<\/p>\n\n\n\n<p>&nbsp;\u2022 \u00dcbertragene Datenmenge<\/p>\n\n\n\n<p>&nbsp;\u2022 Anfragender Internet-Provider<\/p>\n\n\n\n<p>&nbsp;&nbsp; Diese Daten dienen ausschlie\u00dflich der technischen \u00dcberwachung und Optimierung des Websitebetriebs und erlauben keinen R\u00fcckschluss auf Ihre Person.<\/p>\n\n\n\n<p>4. Processing of Personal Data<\/p>\n\n\n\n<p>Personal data will only be processed if:<\/p>\n\n\n\n<p>\u00a0*You have given your express consent, or<\/p>\n\n\n\n<p>&nbsp;* A legal basis exists in accordance with Art. 6 GDPR<\/p>\n\n\n\n<p>&nbsp;&nbsp; The data will be used exclusively for:<\/p>\n\n\n\n<p>&nbsp;* Answering inquiries<\/p>\n\n\n\n<p>&nbsp;* Processing contracts<\/p>\n\n\n\n<p>&nbsp;* Administration and management<\/p>\n\n\n\n<p>&nbsp;&nbsp; Data will not be passed on to third parties unless there is a legal obligation to do so.<\/p>\n\n\n\n<p>5. Your Rights<\/p>\n\n\n\n<p>You have the right at any time to:<\/p>\n\n\n\n<p>&nbsp;* Information regarding your stored personal data<\/p>\n\n\n\n<p>&nbsp;* Correction of incorrect data<\/p>\n\n\n\n<p>&nbsp;* Deletion of your data, provided that no legal retention obligations prevent this<\/p>\n\n\n\n<p>&nbsp;* Restriction of processing<\/p>\n\n\n\n<p>&nbsp;* Data portability<\/p>\n\n\n\n<p>&nbsp;&nbsp; Please direct any inquiries to the contact details mentioned under Point 1.<\/p>\n\n\n\n<p>6. Withdrawal of Your Consent<\/p>\n\n\n\n<p>If the processing of your personal data is based on your consent, you can withdraw this at any time with effect for the future. An informal notification by email is sufficient.<\/p>\n\n\n\n<p>7. Right to Object<\/p>\n\n\n\n<p>If personal data is processed on the basis of legitimate interests pursuant to Art. 6 (1) (f) GDPR, you have the right to object to this processing at any time, provided there are grounds arising from your particular situation.<\/p>\n\n\n\n<p>8. Contact Form<\/p>\n\n\n\n<p>If you use the contact form on wolfgang-zechmann.at, your details, including the contact information you provide, will be stored for the purpose of processing your inquiry.<\/p>\n\n\n\n<p>Processing is based on your consent pursuant to Art. 6 (1) (a) GDPR.<\/p>\n\n\n\n<p>Your data will be deleted as soon as the purpose of the processing no longer applies, provided that no legal retention obligations exist.<\/p>\n\n\n\n<p>9. Cookies<\/p>\n\n\n\n<p>This website uses cookies to make the offer user-friendly, effective, and secure.<\/p>\n\n\n\n<p>Cookies are small text files that are stored on your device and do not allow for the direct identification of your person.<\/p>\n\n\n\n<p>You can restrict or deactivate the use of cookies in your browser settings. If deactivated, the functionality of the website may be limited.<\/p>\n\n\n\n<p>10. Google Analytics<\/p>\n\n\n\n<p>This website uses Google Analytics, a web analysis service provided by Google Ireland Limited, Gordon House, Barrow Street, Dublin 4, Ireland.<\/p>\n\n\n\n<p>Google Analytics uses cookies that enable an analysis of your use of the website. The information generated by this about your use of this website may be transmitted to Google servers in the USA and stored there.<\/p>\n\n\n\n<p>The data is processed on the basis of your consent pursuant to Art. 6 (1) (a) GDPR.<\/p>\n\n\n\n<p>You can withdraw your consent at any time by adjusting your browser&#8217;s cookie settings or deleting cookies.<\/p>\n\n\n\n<p>Further information on data processing by Google can be found at: https:\/\/policies.google.com\/privacy?hl=en<\/p>\n\n\n\n<p>11. Changes to This Privacy Policy<\/p>\n\n\n\n<p>We reserve the right to adapt this privacy policy if necessary to align it with current legal requirements or changes to our services.<\/p>","protected":false},"excerpt":{"rendered":"<p>LEGAL NOTICE \/ PRIVACY POLICY for wolfgang-zechmann.at The protection of your personal data is of particular concern to us. We therefore process your data exclusively on the basis of the legal provisions (GDPR, TKG 2003). Below, we inform you about the most important aspects of data processing within the framework of the website wolfgang-zechmann.at. 1. [&hellip;]<\/p>\n","protected":false},"author":1,"featured_media":0,"parent":0,"menu_order":0,"comment_status":"closed","ping_status":"closed","template":"page-with-title","meta":{"footnotes":""},"class_list":["post-189","page","type-page","status-publish","hentry"],"_links":{"self":[{"href":"https:\/\/wolfgang-zechmann.at\/de\/wp-json\/wp\/v2\/pages\/189","targetHints":{"allow":["GET"]}}],"collection":[{"href":"https:\/\/wolfgang-zechmann.at\/de\/wp-json\/wp\/v2\/pages"}],"about":[{"href":"https:\/\/wolfgang-zechmann.at\/de\/wp-json\/wp\/v2\/types\/page"}],"author":[{"embeddable":true,"href":"https:\/\/wolfgang-zechmann.at\/de\/wp-json\/wp\/v2\/users\/1"}],"replies":[{"embeddable":true,"href":"https:\/\/wolfgang-zechmann.at\/de\/wp-json\/wp\/v2\/comments?post=189"}],"version-history":[{"count":65,"href":"https:\/\/wolfgang-zechmann.at\/de\/wp-json\/wp\/v2\/pages\/189\/revisions"}],"predecessor-version":[{"id":957,"href":"https:\/\/wolfgang-zechmann.at\/de\/wp-json\/wp\/v2\/pages\/189\/revisions\/957"}],"wp:attachment":[{"href":"https:\/\/wolfgang-zechmann.at\/de\/wp-json\/wp\/v2\/media?parent=189"}],"curies":[{"name":"wp","href":"https:\/\/api.w.org\/{rel}","templated":true}]}}